{"id":13801,"date":"2023-07-11T09:08:45","date_gmt":"2023-07-11T07:08:45","guid":{"rendered":"https:\/\/efftraining.com\/?page_id=13801"},"modified":"2023-07-11T17:07:39","modified_gmt":"2023-07-11T15:07:39","slug":"politique-de-cookies","status":"publish","type":"page","link":"https:\/\/efftraining.com\/en\/politique-de-cookies\/","title":{"rendered":"Cookie policy"},"content":{"rendered":"\t\t<div data-elementor-type=\"wp-page\" data-elementor-id=\"13801\" class=\"elementor elementor-13801\">\n\t\t\t\t\t\t<section class=\"elementor-section elementor-top-section elementor-element elementor-element-bdcdd54 elementor-section-boxed elementor-section-height-default elementor-section-height-default\" data-id=\"bdcdd54\" data-element_type=\"section\" data-e-type=\"section\">\n\t\t\t\t\t\t<div class=\"elementor-container elementor-column-gap-default\">\n\t\t\t\t\t<div class=\"elementor-column elementor-col-100 elementor-top-column elementor-element elementor-element-7259e0c\" data-id=\"7259e0c\" data-element_type=\"column\" data-e-type=\"column\">\n\t\t\t<div class=\"elementor-widget-wrap elementor-element-populated\">\n\t\t\t\t\t\t<div class=\"elementor-element elementor-element-4bab040 elementor-widget elementor-widget-heading\" data-id=\"4bab040\" data-element_type=\"widget\" data-e-type=\"widget\" data-widget_type=\"heading.default\">\n\t\t\t\t<div class=\"elementor-widget-container\">\n\t\t\t\t\t<h2 class=\"elementor-heading-title elementor-size-default\">Politique de cookies<\/h2>\t\t\t\t<\/div>\n\t\t\t\t<\/div>\n\t\t\t\t\t<\/div>\n\t\t<\/div>\n\t\t\t\t\t<\/div>\n\t\t<\/section>\n\t\t\t\t<section class=\"elementor-section elementor-top-section elementor-element elementor-element-ffa2954 elementor-section-boxed elementor-section-height-default elementor-section-height-default\" data-id=\"ffa2954\" data-element_type=\"section\" data-e-type=\"section\">\n\t\t\t\t\t\t<div class=\"elementor-container elementor-column-gap-default\">\n\t\t\t\t\t<div class=\"elementor-column elementor-col-100 elementor-top-column elementor-element elementor-element-f610df3\" data-id=\"f610df3\" data-element_type=\"column\" data-e-type=\"column\">\n\t\t\t<div class=\"elementor-widget-wrap elementor-element-populated\">\n\t\t\t\t\t\t<div class=\"elementor-element elementor-element-6fa0fda elementor-widget elementor-widget-text-editor\" data-id=\"6fa0fda\" data-element_type=\"widget\" data-e-type=\"widget\" data-widget_type=\"text-editor.default\">\n\t\t\t\t<div class=\"elementor-widget-container\">\n\t\t\t\t\t\t\t\t\t<p style=\"text-align: justify;\"><span style=\"font-family: 'Arial',sans-serif;\">Lors de votre navigation sur le site d\u2019EFF Training, des\u00a0cookies peuvent \u00eatre d\u00e9pos\u00e9s sur votre ordinateur, votre mobile ou votre\u00a0tablette. Certaines parties ou fonctionnalit\u00e9s du site peuvent ne pas \u00eatre\u00a0accessibles sans l\u2019acceptation de cookies par l\u2019utilisateur.<\/span><\/p><p style=\"line-height: normal; background-image: initial; background-position: initial; background-size: initial; background-attachment: initial; vertical-align: baseline;\"><b><span style=\"font-size: 13.5pt; font-family: 'Arial',sans-serif; color: #88bf4e; text-transform: uppercase;\">Qu\u2019est-ce qu\u2019un cookie ?<\/span><\/b><\/p><p style=\"text-align: justify;\"><span style=\"font-family: 'Arial',sans-serif;\">Un cookie est un fichier texte susceptible d\u2019\u00eatre\u00a0enregistr\u00e9 dans un espace d\u00e9di\u00e9 du disque dur de votre terminal \u00e0 l\u2019occasion de\u00a0la consultation d\u2019un service en ligne gr\u00e2ce \u00e0 votre logiciel de navigation.<\/span><\/p><p style=\"text-align: justify;\"><span style=\"font-family: 'Arial',sans-serif;\">Les cookies permettent \u00e0 un site web de vous\u00a0reconna\u00eetre, de vous maintenir connect\u00e9, de se souvenir de vos pr\u00e9f\u00e9rences et\u00a0de vous apporter ainsi un service additionnel : l\u2019am\u00e9lioration de votre confort\u00a0de navigation, la s\u00e9curisation de votre connexion ou l\u2019adaptation du contenu\u00a0d\u2019une page \u00e0 vos centres d\u2019int\u00e9r\u00eat.<\/span><\/p><p style=\"line-height: normal; background-image: initial; background-position: initial; background-size: initial; background-attachment: initial; vertical-align: baseline;\"><b><span style=\"font-size: 13.5pt; font-family: 'Arial',sans-serif; color: #88bf4e; text-transform: uppercase;\">A quoi servent les COOKIES utilis\u00e9s par EFF TRaining\u00a0?<\/span><\/b><\/p><p style=\"text-align: justify;\"><span style=\"font-family: 'Arial',sans-serif;\">En pratique,\u00a0nous utilisons des cookies pour les finalit\u00e9s suivantes :<\/span><\/p><p style=\"text-align: justify;\"><b><span style=\"font-family: 'Arial',sans-serif;\">Cookies strictement n\u00e9cessaires <\/span><\/b><\/p><p style=\"text-align: justify;\"><span style=\"font-family: 'Arial',sans-serif;\">Ces derniers sont n\u00e9cessaires au bon fonctionnement du\u00a0site web et ne peuvent pas \u00eatre d\u00e9sactiv\u00e9s. Ils sont d\u00e9finis pour r\u00e9pondre \u00e0\u00a0des besoins de service primordiaux. Ces cookies ne stockent aucune information\u00a0d\u2019identification personnelle.<\/span><\/p><p style=\"text-align: justify;\"><b><span style=\"font-family: 'Arial',sans-serif;\">Cookies de mesure d\u2019audience <\/span><\/b><\/p><p style=\"text-align: justify;\"><span style=\"font-family: 'Arial',sans-serif;\">Seul l\u2019outil\u00a0d\u2019analyse d\u2019audience Matomo est mis en place avec les param\u00e9trages pr\u00e9conis\u00e9s\u00a0par la CNIL :<\/span><\/p><ul><li><span style=\"font-family: Arial, sans-serif; color: var( --e-global-color-text ); font-weight: var( --e-global-typography-text-font-weight );\">Adresses IP\u00a0<\/span><span style=\"font-family: Arial, sans-serif; color: var( --e-global-color-text ); font-weight: var( --e-global-typography-text-font-weight );\">anonymis\u00e9es<\/span><\/li><li><span style=\"color: var( --e-global-color-text ); font-weight: var( --e-global-typography-text-font-weight ); font-family: Arial, sans-serif;\">Respect de\u00a0<\/span><span style=\"color: var( --e-global-color-text ); font-weight: var( --e-global-typography-text-font-weight ); font-family: Arial, sans-serif;\">l\u2019option \u00ab Ne pas suivre \u00bb (do not track) du navigateur<\/span><\/li><li><span style=\"color: var( --e-global-color-text ); font-weight: var( --e-global-typography-text-font-weight ); font-family: Arial, sans-serif;\">Solution\u00a0<\/span><span style=\"color: var( --e-global-color-text ); font-weight: var( --e-global-typography-text-font-weight ); font-family: Arial, sans-serif;\">permettant de s\u2019opposer au d\u00e9p\u00f4t de cookie \u00e0 des fins d\u2019analytics (option\u00a0<\/span><span style=\"color: var( --e-global-color-text ); font-weight: var( --e-global-typography-text-font-weight ); font-family: Arial, sans-serif;\">ci-dessous)<\/span><\/li><li><span style=\"color: var( --e-global-color-text ); font-weight: var( --e-global-typography-text-font-weight ); font-family: Arial, sans-serif;\">Conservation\u00a0<\/span><span style=\"color: var( --e-global-color-text ); font-weight: var( --e-global-typography-text-font-weight ); font-family: Arial, sans-serif;\">des donn\u00e9es par l\u2019outil d\u2019analyse d\u2019audience sur un maximum de 13 mois<\/span><\/li><\/ul><p style=\"text-align: justify;\"><span style=\"font-family: 'Arial',sans-serif;\">En d\u00e9cochant\u00a0la case suivante, vous pouvez vous opposer au suivi de votre navigation sur ce\u00a0site web. Cela prot\u00e9gera votre vie priv\u00e9e, mais emp\u00eachera \u00e9galement le\u00a0propri\u00e9taire d\u2019apprendre de vos actions et de cr\u00e9er une meilleure exp\u00e9rience\u00a0pour vous et les autres utilisateurs.<\/span><\/p>\t\t\t\t\t\t\t\t<\/div>\n\t\t\t\t<\/div>\n\t\t\t\t<div class=\"elementor-element elementor-element-cb2b8db elementor-widget elementor-widget-html\" data-id=\"cb2b8db\" data-element_type=\"widget\" data-e-type=\"widget\" data-widget_type=\"html.default\">\n\t\t\t\t<div class=\"elementor-widget-container\">\n\t\t\t\t\t<div id=\"matomo-opt-out\" ><\/div>\n<script>    \n    var settings = {\"showIntro\":true,\"divId\":\"matomo-opt-out\",\"useSecureCookies\":true,\"cookiePath\":null,\"cookieDomain\":null,\"cookieSameSite\":\"Lax\",\"OptOutComplete\":\"Cookie d'exclusion install\\u00e9. Vos visites sur ce site web ne seront PAS enregistr\\u00e9es par notre outil d'analyse web.\",\"OptOutCompleteBis\":\"Note\\u00a0: si vous nettoyez vos cookies et supprimez le cookie d'exclusion, ou bien si vous changez d'ordinateur et\\\/ou de navigateur, il vous faudra de nouveau effectuer la proc\\u00e9dure d'exclusion.\",\"YouMayOptOut2\":\"Vous pouvez vous opposer au suivi de votre navigation sur ce site web.\",\"YouMayOptOut3\":\"Cela prot\\u00e9gera votre vie priv\\u00e9e, mais emp\\u00eachera \\u00e9galement le propri\\u00e9taire d'apprendre de vos actions et de cr\\u00e9er une meilleure exp\\u00e9rience pour vous et les autres utilisateurs.\",\"OptOutErrorNoCookies\":\"La fonctionnalit\\u00e9 de d\\u00e9sactivation du suivi n\\u00e9cessite que les cookies soient autoris\\u00e9s.\",\"OptOutErrorNotHttps\":\"La fonctionnalit\\u00e9 de d\\u00e9sactivation du suivi pourrait ne pas fonctionner car ce site n'a pas \\u00e9t\\u00e9 charg\\u00e9 en HTTPS. Veuillez recharger la page pour v\\u00e9rifier que le statut de ce suivi a bien \\u00e9t\\u00e9 chang\\u00e9.\",\"YouAreNotOptedOut\":\"Vous n'\\u00eates pas exclu(e).\",\"UncheckToOptOut\":\"D\\u00e9cochez cette case pour vous exclure.\",\"YouAreOptedOut\":\"Vous n'\\u00eates actuellement pas suivi(e).\",\"CheckToOptIn\":\"Cochez cette case pour ne plus \\u00eatre exclu(e).\"};         \n    document.addEventListener('DOMContentLoaded', function() {                             \n        window.MatomoConsent.init(settings.useSecureCookies, settings.cookiePath, settings.cookieDomain, settings.cookieSameSite);                \n        showContent(window.MatomoConsent.hasConsent());        \n    });    \n    \n    \n        function showContent(consent, errorMessage = null, useTracker = false) {\n    \n            var errorBlock = '<p style=\"color: red; font-weight: bold;\">';\n    \n            var div = document.getElementById(settings.divId);\n            if (!div) {\n                const warningDiv = document.createElement(\"div\");\n                var msg = 'Unable to find opt-out content div: \"'+settings.divId+'\"';\n                warningDiv.id = settings.divId+'-warning';\n                warningDiv.innerHTML = errorBlock+msg+'<\/p>';\n                document.body.insertBefore(warningDiv, document.body.firstChild);\n                console.log(msg);\n                return;\n            }\n            \n            if (!navigator || !navigator.cookieEnabled) {\n                div.innerHTML = errorBlock+settings.OptOutErrorNoCookies+'<\/p>';\n                return;\n            }\n            if (location.protocol !== 'https:') {\n                div.innerHTML = errorBlock+settings.OptOutErrorNotHttps+'<\/p>';\n                return;\n            }        \n            if (errorMessage !== null) {\n                div.innerHTML = errorBlock+errorMessage+'<\/p>';\n                return;\n            }\n            var content = '';        \n            if (consent) {\n                if (settings.showIntro) {\n                    content += '<p>'+settings.YouMayOptOut2+' '+settings.YouMayOptOut3+'<\/p>';                       \n                }\n                if (useTracker) {\n                    content += '<input onclick=\"_paq.push([\\'optUserOut\\']);showContent(false, null, true);\" id=\"trackVisits\" type=\"checkbox\" checked=\"checked\" \/>';\n                } else {\n                    content += '<input onclick=\"window.MatomoConsent.consentRevoked();showContent(false);\" id=\"trackVisits\" type=\"checkbox\" checked=\"checked\" \/>';\n                }\n                content += '<label for=\"trackVisits\"><strong><span>'+settings.YouAreNotOptedOut+' '+settings.UncheckToOptOut+'<\/span><\/strong><\/label>';                               \n            } else {\n                if (settings.showIntro) {\n                    content += '<p>'+settings.OptOutComplete+' '+settings.OptOutCompleteBis+'<\/p>';\n                }\n                if (useTracker) {\n                    content += '<input onclick=\"_paq.push([\\'forgetUserOptOut\\']);showContent(true, null, true);\" id=\"trackVisits\" type=\"checkbox\" \/>';\n                } else {\n                    content += '<input onclick=\"window.MatomoConsent.consentGiven();showContent(true);\" id=\"trackVisits\" type=\"checkbox\" \/>';\n                }\n                content += '<label for=\"trackVisits\"><strong><span>'+settings.YouAreOptedOut+' '+settings.CheckToOptIn+'<\/span><\/strong><\/label>';\n            }                   \n            div.innerHTML = content;      \n        };   \n\n        window.MatomoConsent = {                         \n            cookiesDisabled: (!navigator || !navigator.cookieEnabled),        \n            CONSENT_COOKIE_NAME: 'mtm_consent', CONSENT_REMOVED_COOKIE_NAME: 'mtm_consent_removed', \n            cookieIsSecure: false, useSecureCookies: true, cookiePath: '', cookieDomain: '', cookieSameSite: 'Lax',     \n            init: function(useSecureCookies, cookiePath, cookieDomain, cookieSameSite) {\n                this.useSecureCookies = useSecureCookies; this.cookiePath = cookiePath;\n                this.cookieDomain = cookieDomain; this.cookieSameSite = cookieSameSite;\n                if(useSecureCookies && location.protocol !== 'https:') {\n                    console.log('Error with setting useSecureCookies: You cannot use this option on http.');             \n                } else {\n                    this.cookieIsSecure = useSecureCookies;\n                }\n            },               \n            hasConsent: function() {\n                var consentCookie = this.getCookie(this.CONSENT_COOKIE_NAME);\n                var removedCookie = this.getCookie(this.CONSENT_REMOVED_COOKIE_NAME);\n                if (!consentCookie && !removedCookie) {\n                    return true; \/\/ No cookies set, so opted in\n                }\n                if (removedCookie && consentCookie) {                \n                    this.setCookie(this.CONSENT_COOKIE_NAME, '', -129600000);              \n                    return false;\n                }                \n                return (consentCookie || consentCookie !== 0);            \n            },        \n            consentGiven: function() {                                                        \n                this.setCookie(this.CONSENT_REMOVED_COOKIE_NAME, '', -129600000);\n                this.setCookie(this.CONSENT_COOKIE_NAME, new Date().getTime(), 946080000000);\n            },      \n            consentRevoked: function() {    \n                this.setCookie(this.CONSENT_COOKIE_NAME, '', -129600000);\n                this.setCookie(this.CONSENT_REMOVED_COOKIE_NAME, new Date().getTime(), 946080000000);                \n            },                   \n            getCookie: function(cookieName) {            \n                var cookiePattern = new RegExp('(^|;)[ ]*' + cookieName + '=([^;]*)'), cookieMatch = cookiePattern.exec(document.cookie);\n                return cookieMatch ? window.decodeURIComponent(cookieMatch[2]) : 0;\n            },        \n            setCookie: function(cookieName, value, msToExpire) {                       \n                var expiryDate = new Date();\n                expiryDate.setTime((new Date().getTime()) + msToExpire);            \n                document.cookie = cookieName + '=' + window.encodeURIComponent(value) +\n                    (msToExpire ? ';expires=' + expiryDate.toGMTString() : '') +\n                    ';path=' + (this.cookiePath || '\/') +\n                    (this.cookieDomain ? ';domain=' + this.cookieDomain : '') +\n                    (this.cookieIsSecure ? ';secure' : '') +\n                    ';SameSite=' + this.cookieSameSite;               \n                if ((!msToExpire || msToExpire >= 0) && this.getCookie(cookieName) !== String(value)) {\n                    console.log('There was an error setting cookie `' + cookieName + '`. Please check domain and path.');                \n                }\n            }\n        };           \n<\/script>\n      \t\t\t\t<\/div>\n\t\t\t\t<\/div>\n\t\t\t\t<div class=\"elementor-element elementor-element-8c4e29f elementor-widget elementor-widget-text-editor\" data-id=\"8c4e29f\" data-element_type=\"widget\" data-e-type=\"widget\" data-widget_type=\"text-editor.default\">\n\t\t\t\t<div class=\"elementor-widget-container\">\n\t\t\t\t\t\t\t\t\t<p style=\"text-align: justify;\"><b style=\"color: var( --e-global-color-text ); font-family: var( --e-global-typography-text-font-family ), Sans-serif;\"><span style=\"font-family: 'Arial',sans-serif;\">Cookies tiers<\/span><\/b><\/p><p style=\"text-align: justify;\"><span style=\"font-family: 'Arial',sans-serif;\">Lors de votre navigation sur le site Internet <span style=\"color: windowtext;\"><a href=\"http:\/\/www.efftraining.com\/\"><span style=\"color: windowtext;\">www.efftraining.com<\/span><\/a><\/span>,\u00a0vous avez la possibilit\u00e9 de consulter des vid\u00e9os h\u00e9berg\u00e9es sur YouTube.<\/span> <span style=\"font-family: 'Arial',sans-serif;\">Lorsque vous visionnez ces vid\u00e9os, des cookies tiers\u00a0sont susceptibles d\u2019\u00eatre install\u00e9s sur votre terminal. Afin de prendre\u00a0connaissance des finalit\u00e9s d\u2019utilisation des informations de navigation que\u00a0YouTube peut recueillir gr\u00e2ce \u00e0 ces modules, nous vous conseillons de consulter\u00a0sa politique de confidentialit\u00e9\u00a0: https:\/\/bit.ly\/44iQBZe.<\/span><\/p><p style=\"line-height: normal; background-image: initial; background-position: initial; background-size: initial; background-attachment: initial; vertical-align: baseline;\"><b><span style=\"font-size: 13.5pt; font-family: 'Arial',sans-serif; color: #88bf4e; text-transform: uppercase;\">QUELLE est la dur\u00e9e de conservation des cookies ?<\/span><\/b><\/p><p style=\"text-align: justify;\"><span style=\"font-family: 'Arial',sans-serif;\">Conform\u00e9ment aux dispositions de la Cnil*, les cookies\u00a0d\u00e9pos\u00e9s sur votre terminal ont une dur\u00e9e de conservation limit\u00e9e \u00e0 treize (13)\u00a0mois.<\/span><\/p><p style=\"text-align: justify;\"><span style=\"font-family: 'Arial',sans-serif;\">\u00c0 l\u2019expiration de ce d\u00e9lai, votre consentement sera\u00a0requis pour d\u00e9poser de nouveaux cookies sur votre appareil. <\/span><\/p><p style=\"line-height: normal; background-image: initial; background-position: initial; background-size: initial; background-attachment: initial; vertical-align: baseline;\"><b><span style=\"font-size: 13.5pt; font-family: 'Arial',sans-serif; color: #88bf4e; text-transform: uppercase;\">Comment pouvez-vous g\u00e9rer les cookies ?<\/span><\/b><\/p><p style=\"margin-bottom: .0001pt; text-align: justify;\"><span style=\"font-family: 'Arial',sans-serif;\">Pour savoir comment configurer et\u00a0modifier vos pr\u00e9f\u00e9rences en mati\u00e8re de cookies, vous pouvez consulter le menu<br \/>d\u2019aide de votre navigateur :<\/span><\/p><ul><li><span style=\"font-family: 'Arial',sans-serif;\">Pour Internet Explorer : http:\/\/windows.microsoft.com\/fr-FR\/windows-vista\/Block-or-allow-cookies<\/span><\/li><li><span style=\"font-family: 'Arial',sans-serif;\">Pour Safari : https:\/\/support.apple.com\/fr-fr\/guide\/safari\/sfri11471\/mac<\/span><\/li><li><span style=\"font-family: 'Arial',sans-serif;\">Pour Chrome :\u00a0http:\/\/support.google.com\/chrome\/bin\/answer.py?hl=fr&amp;hlrm=en&amp;answer=95647<\/span><\/li><li><span style=\"font-family: 'Arial',sans-serif;\">Pour Firefox : http:\/\/support.mozilla.org\/fr\/kb\/Activer%20et%20d%C3%A9sactiver%20les%20cookies<\/span><\/li><li><span style=\"font-family: 'Arial',sans-serif;\">Pour Opera : http:\/\/help.opera.com\/Windows\/10.20\/fr\/cookies.html <\/span><\/li><\/ul><p>\u00a0<\/p><p style=\"text-align: justify;\"><span style=\"font-family: 'Arial',sans-serif;\">Si vous utilisez un autre navigateur que ceux list\u00e9s\u00a0ci-dessus, nous vous recommandons une recherche Google en utilisant des termes tels que \u00ab g\u00e9rer les cookies \u00bb suivi du nom du navigateur.<\/span><\/p><p style=\"text-align: justify;\"><span style=\"font-family: 'Arial',sans-serif;\">En cas de difficult\u00e9s, nous vous invitons \u00e0 consulter\u00a0la rubrique \u00ab Cookies : les outils pour les ma\u00eetriser \u00bb de la Cnil* : <\/span><a href=\"https:\/\/www.cnil.fr\/cookies-les-outils-pour-les-maitriser\/#5554\" target=\"_blank\" rel=\"noopener\"><span style=\"color: windowtext;\">https:\/\/www.cnil.fr\/cookies-les-outils-pour-les-maitriser\/#5554<\/span><\/a><span style=\"font-family: 'Arial',sans-serif;\">. Vous y retrouverez des informations suppl\u00e9mentaires utiles concernant les cookies et le moyen de les bloquer selon le type de\u00a0navigateur utilis\u00e9.<\/span><\/p><p style=\"text-align: justify;\"><span style=\"font-family: 'Arial',sans-serif;\">Si vous rejetez ou supprimez les cookies, les\u00a0caract\u00e9ristiques et les fonctions connexes du site Internet peuvent ne pas \u00eatre\u00a0disponibles et sa performance habituelle peut \u00eatre compromise.<\/span><\/p><p>\u00a0<\/p><p style=\"text-align: justify;\"><i><span style=\"font-size: 10.0pt; line-height: 107%; font-family: 'Arial',sans-serif;\">*Cnil\u00a0:\u00a0Commission Nationale de l\u2019Informatique et des Libert\u00e9s<\/span><\/i><\/p>\t\t\t\t\t\t\t\t<\/div>\n\t\t\t\t<\/div>\n\t\t\t\t\t<\/div>\n\t\t<\/div>\n\t\t\t\t\t<\/div>\n\t\t<\/section>\n\t\t\t\t<section class=\"elementor-section elementor-top-section elementor-element elementor-element-ad577ae elementor-section-boxed elementor-section-height-default elementor-section-height-default\" data-id=\"ad577ae\" data-element_type=\"section\" data-e-type=\"section\">\n\t\t\t\t\t\t<div class=\"elementor-container elementor-column-gap-default\">\n\t\t\t\t\t<div class=\"elementor-column elementor-col-100 elementor-top-column elementor-element elementor-element-194c3e6\" data-id=\"194c3e6\" data-element_type=\"column\" data-e-type=\"column\">\n\t\t\t<div class=\"elementor-widget-wrap elementor-element-populated\">\n\t\t\t\t\t\t<div class=\"elementor-element elementor-element-ec1a937 elementor-widget elementor-widget-text-editor\" data-id=\"ec1a937\" data-element_type=\"widget\" data-e-type=\"widget\" data-widget_type=\"text-editor.default\">\n\t\t\t\t<div class=\"elementor-widget-container\">\n\t\t\t\t\t\t\t\t\t<p><strong>MAJ 06\/07\/2023 &#8211; Ecole Fran\u00e7aise de Forage &#8211; Si\u00e8ge social : ZA Pense Folie 45220 Ch\u00e2teau Renard SAS&nbsp;<\/strong><strong>au capital de 37 000 \u20ac &#8211; RCS Orl\u00e9ans 788 926 350 &#8211; TVA FR 14 788 926 350<\/strong><\/p>\t\t\t\t\t\t\t\t<\/div>\n\t\t\t\t<\/div>\n\t\t\t\t\t<\/div>\n\t\t<\/div>\n\t\t\t\t\t<\/div>\n\t\t<\/section>\n\t\t\t\t<\/div>\n\t\t","protected":false},"excerpt":{"rendered":"<p>Politique de cookies Lors de votre navigation sur le site&hellip;<\/p>\n<p> <a class=\"more-link\" href=\"https:\/\/efftraining.com\/en\/politique-de-cookies\/\">Read more<\/a><\/p>","protected":false},"author":9192195,"featured_media":0,"parent":0,"menu_order":0,"comment_status":"closed","ping_status":"closed","template":"","meta":{"_acf_changed":false,"footnotes":""},"class_list":["post-13801","page","type-page","status-publish"],"acf":[],"_links":{"self":[{"href":"https:\/\/efftraining.com\/en\/wp-json\/wp\/v2\/pages\/13801","targetHints":{"allow":["GET"]}}],"collection":[{"href":"https:\/\/efftraining.com\/en\/wp-json\/wp\/v2\/pages"}],"about":[{"href":"https:\/\/efftraining.com\/en\/wp-json\/wp\/v2\/types\/page"}],"author":[{"embeddable":true,"href":"https:\/\/efftraining.com\/en\/wp-json\/wp\/v2\/users\/9192195"}],"replies":[{"embeddable":true,"href":"https:\/\/efftraining.com\/en\/wp-json\/wp\/v2\/comments?post=13801"}],"version-history":[{"count":0,"href":"https:\/\/efftraining.com\/en\/wp-json\/wp\/v2\/pages\/13801\/revisions"}],"wp:attachment":[{"href":"https:\/\/efftraining.com\/en\/wp-json\/wp\/v2\/media?parent=13801"}],"curies":[{"name":"wp","href":"https:\/\/api.w.org\/{rel}","templated":true}]}}