{"id":14721,"date":"2023-09-07T12:06:27","date_gmt":"2023-09-07T10:06:27","guid":{"rendered":"https:\/\/efftraining.com\/?page_id=14721"},"modified":"2023-09-07T12:06:30","modified_gmt":"2023-09-07T10:06:30","slug":"inscription-formation-aide-foreur-geothermie-de-surface","status":"publish","type":"page","link":"https:\/\/efftraining.com\/en\/inscription-formation-aide-foreur-geothermie-de-surface\/","title":{"rendered":"Inscription formation aide-foreur en g\u00e9othermie de surface"},"content":{"rendered":"\t\t<div data-elementor-type=\"wp-page\" data-elementor-id=\"14721\" class=\"elementor elementor-14721\">\n\t\t\t\t\t\t<section class=\"elementor-section elementor-top-section elementor-element elementor-element-298cf22 elementor-section-boxed elementor-section-height-default elementor-section-height-default\" data-id=\"298cf22\" data-element_type=\"section\" data-e-type=\"section\">\n\t\t\t\t\t\t<div class=\"elementor-container elementor-column-gap-default\">\n\t\t\t\t\t<div class=\"elementor-column elementor-col-100 elementor-top-column elementor-element elementor-element-5006673\" data-id=\"5006673\" data-element_type=\"column\" data-e-type=\"column\">\n\t\t\t<div class=\"elementor-widget-wrap elementor-element-populated\">\n\t\t\t\t\t\t<div class=\"elementor-element elementor-element-e72bf2c elementor-widget elementor-widget-shortcode\" data-id=\"e72bf2c\" data-element_type=\"widget\" data-e-type=\"widget\" data-widget_type=\"shortcode.default\">\n\t\t\t\t<div class=\"elementor-widget-container\">\n\t\t\t\t\t\t\t<div class=\"elementor-shortcode\"><div class=\"wpforms-container \" id=\"wpforms-14718\"><form id=\"wpforms-form-14718\" class=\"wpforms-validate wpforms-form\" data-formid=\"14718\" method=\"post\" enctype=\"multipart\/form-data\" action=\"\/en\/wp-json\/wp\/v2\/pages\/14721\" data-token=\"d606fdc24f7fcbc1c3c69ffa458a5fe9\" data-token-time=\"1777405501\"><noscript class=\"wpforms-error-noscript\">Please enable JavaScript in your browser to complete this form.<\/noscript><div class=\"wpforms-field-container\"><div id=\"wpforms-14718-field_2-container\" class=\"wpforms-field wpforms-field-name\" data-field-id=\"2\"><label class=\"wpforms-field-label wpforms-label-hide\" for=\"wpforms-14718-field_2\">Informations du Participant <span class=\"wpforms-required-label\">*<\/span><\/label><div class=\"wpforms-field-row wpforms-field-large\"><div class=\"wpforms-field-row-block wpforms-first wpforms-one-half\"><input type=\"text\" id=\"wpforms-14718-field_2\" class=\"wpforms-field-name-first wpforms-field-required\" name=\"wpforms[fields][2][first]\" placeholder=\"PR\u00c9NOM\" required><label for=\"wpforms-14718-field_2\" class=\"wpforms-field-sublabel after wpforms-sublabel-hide\">First<\/label><\/div><div class=\"wpforms-field-row-block wpforms-one-half\"><input type=\"text\" id=\"wpforms-14718-field_2-last\" class=\"wpforms-field-name-last wpforms-field-required\" name=\"wpforms[fields][2][last]\" placeholder=\"NOM\" required><label for=\"wpforms-14718-field_2-last\" class=\"wpforms-field-sublabel after wpforms-sublabel-hide\">Last<\/label><\/div><\/div><\/div><div id=\"wpforms-14718-field_35-container\" class=\"wpforms-field wpforms-field-text\" data-field-id=\"35\"><label class=\"wpforms-field-label\" for=\"wpforms-14718-field_35\">Date de naissance <span class=\"wpforms-required-label\">*<\/span><\/label><input type=\"text\" id=\"wpforms-14718-field_35\" class=\"wpforms-field-medium wpforms-field-required\" name=\"wpforms[fields][35]\" required><div class=\"wpforms-field-description\">JJ\/MM\/AAAA.<\/div><\/div><div id=\"wpforms-14718-field_12-container\" class=\"wpforms-field wpforms-field-text\" data-field-id=\"12\"><label class=\"wpforms-field-label\" for=\"wpforms-14718-field_12\">Adresse <span class=\"wpforms-required-label\">*<\/span><\/label><input type=\"text\" id=\"wpforms-14718-field_12\" class=\"wpforms-field-medium wpforms-field-required\" name=\"wpforms[fields][12]\" required><\/div><div id=\"wpforms-14718-field_27-container\" class=\"wpforms-field wpforms-field-text\" data-field-id=\"27\"><label class=\"wpforms-field-label\" for=\"wpforms-14718-field_27\">T\u00e9l\u00e9phone <span class=\"wpforms-required-label\">*<\/span><\/label><input type=\"text\" id=\"wpforms-14718-field_27\" class=\"wpforms-field-medium wpforms-field-required\" name=\"wpforms[fields][27]\" required><\/div><div id=\"wpforms-14718-field_1-container\" class=\"wpforms-field wpforms-field-email\" data-field-id=\"1\"><label class=\"wpforms-field-label\" for=\"wpforms-14718-field_1\">Adresse Email <span class=\"wpforms-required-label\">*<\/span><\/label><input type=\"email\" id=\"wpforms-14718-field_1\" class=\"wpforms-field-medium wpforms-field-required\" name=\"wpforms[fields][1]\" spellcheck=\"false\" required><\/div><div id=\"wpforms-14718-field_13-container\" class=\"wpforms-field wpforms-field-text\" data-field-id=\"13\"><label class=\"wpforms-field-label\" for=\"wpforms-14718-field_13\">Pays <span class=\"wpforms-required-label\">*<\/span><\/label><input type=\"text\" id=\"wpforms-14718-field_13\" class=\"wpforms-field-medium wpforms-field-required\" name=\"wpforms[fields][13]\" required><\/div><div id=\"wpforms-14718-field_42-container\" class=\"wpforms-field wpforms-field-radio\" data-field-id=\"42\"><label class=\"wpforms-field-label\">Inscrit \u00e0 France Travail<\/label><ul id=\"wpforms-14718-field_42\"><li class=\"choice-1 depth-1\"><input type=\"radio\" id=\"wpforms-14718-field_42_1\" name=\"wpforms[fields][42]\" value=\"OUI\"  ><label class=\"wpforms-field-label-inline\" for=\"wpforms-14718-field_42_1\">OUI<\/label><\/li><li class=\"choice-2 depth-1\"><input type=\"radio\" id=\"wpforms-14718-field_42_2\" name=\"wpforms[fields][42]\" value=\"NON\"  ><label class=\"wpforms-field-label-inline\" for=\"wpforms-14718-field_42_2\">NON<\/label><\/li><\/ul><\/div><div id=\"wpforms-14718-field_43-container\" class=\"wpforms-field wpforms-field-radio\" data-field-id=\"43\"><label class=\"wpforms-field-label\">Inscrit \u00e0 une Mission locale<\/label><ul id=\"wpforms-14718-field_43\"><li class=\"choice-1 depth-1\"><input type=\"radio\" id=\"wpforms-14718-field_43_1\" name=\"wpforms[fields][43]\" value=\"OUI\"  ><label class=\"wpforms-field-label-inline\" for=\"wpforms-14718-field_43_1\">OUI<\/label><\/li><li class=\"choice-2 depth-1\"><input type=\"radio\" id=\"wpforms-14718-field_43_2\" name=\"wpforms[fields][43]\" value=\"NON\"  ><label class=\"wpforms-field-label-inline\" for=\"wpforms-14718-field_43_2\">NON<\/label><\/li><\/ul><\/div><div id=\"wpforms-14718-field_31-container\" class=\"wpforms-field wpforms-field-select wpforms-field-select-style-classic\" data-field-id=\"31\"><label class=\"wpforms-field-label\" for=\"wpforms-14718-field_31\">Dates de sessions<\/label><select id=\"wpforms-14718-field_31\" class=\"wpforms-field-medium\" name=\"wpforms[fields][31]\"><option value=\"7 octobre 2024\"  class=\"choice-2 depth-1\"  >7 octobre 2024<\/option><option value=\"\u00e0 la demande, en fonction du nombre d&#039;inscrits\"  class=\"choice-1 depth-1\"  >\u00e0 la demande, en fonction du nombre d'inscrits<\/option><\/select><\/div><div id=\"wpforms-14718-field_0-container\" class=\"wpforms-field wpforms-field-textarea\" data-field-id=\"0\"><label class=\"wpforms-field-label wpforms-label-hide\" for=\"wpforms-14718-field_0\">Votre message<\/label><textarea id=\"wpforms-14718-field_0\" class=\"wpforms-field-large\" name=\"wpforms[fields][0]\" placeholder=\"Description\" ><\/textarea><\/div><div id=\"wpforms-14718-field_25-container\" class=\"wpforms-field wpforms-field-checkbox\" data-field-id=\"25\"><label class=\"wpforms-field-label\">En soumettant ce formulaire, <span class=\"wpforms-required-label\">*<\/span><\/label><ul id=\"wpforms-14718-field_25\" class=\"wpforms-field-required\"><li class=\"choice-4 depth-1\"><input type=\"checkbox\" id=\"wpforms-14718-field_25_4\" name=\"wpforms[fields][25][]\" value=\"j&#039;accepte que les informations que j\u2019ai saisies soient exploit\u00e9es par EFF Training dans le cadre de ma demande et pour m\u2019informer au sujet de ses produits et services. Je suis inform\u00e9(e) que je peux me d\u00e9sabonner de ces communications \u00e0 tout moment et consulter la Politique de protection des donn\u00e9es personnelles d\u2019EFF Training pr\u00e9sente sur ce site\" required ><label class=\"wpforms-field-label-inline\" for=\"wpforms-14718-field_25_4\">j'accepte que les informations que j\u2019ai saisies soient exploit\u00e9es par EFF Training dans le cadre de ma demande et pour m\u2019informer au sujet de ses produits et services. Je suis inform\u00e9(e) que je peux me d\u00e9sabonner de ces communications \u00e0 tout moment et consulter la Politique de protection des donn\u00e9es personnelles d\u2019EFF Training pr\u00e9sente sur ce site<\/label><\/li><li class=\"choice-2 depth-1\"><input type=\"checkbox\" id=\"wpforms-14718-field_25_2\" name=\"wpforms[fields][25][]\" value=\"J&#039;accepte les conditions g\u00e9n\u00e9rales de vente\" required ><label class=\"wpforms-field-label-inline\" for=\"wpforms-14718-field_25_2\">J'accepte les conditions g\u00e9n\u00e9rales de vente<\/label><\/li><li class=\"choice-3 depth-1\"><input type=\"checkbox\" id=\"wpforms-14718-field_25_3\" name=\"wpforms[fields][25][]\" value=\"J&#039;accepte le r\u00e8glement int\u00e9rieur\" required ><label class=\"wpforms-field-label-inline\" for=\"wpforms-14718-field_25_3\">J'accepte le r\u00e8glement int\u00e9rieur<\/label><\/li><\/ul><\/div><\/div><!-- .wpforms-field-container --><div class=\"wpforms-field wpforms-field-hp\"><label for=\"wpforms-14718-field-hp\" class=\"wpforms-field-label\">Comment<\/label><input type=\"text\" name=\"wpforms[hp]\" id=\"wpforms-14718-field-hp\" class=\"wpforms-field-medium\"><\/div><div class=\"wpforms-submit-container\" ><input type=\"hidden\" name=\"wpforms[id]\" value=\"14718\"><input type=\"hidden\" name=\"page_title\" value=\"\"><input type=\"hidden\" name=\"page_url\" value=\"https:\/\/efftraining.com\/en\/wp-json\/wp\/v2\/pages\/14721\"><input type=\"hidden\" name=\"url_referer\" value=\"\"><button type=\"submit\" name=\"wpforms[submit]\" id=\"wpforms-submit-14718\" class=\"wpforms-submit\" aria-live=\"assertive\" value=\"wpforms-submit\">Envoyer<\/button><\/div><\/form><\/div>  <!-- .wpforms-container --><\/div>\n\t\t\t\t\t\t<\/div>\n\t\t\t\t<\/div>\n\t\t\t\t\t<\/div>\n\t\t<\/div>\n\t\t\t\t\t<\/div>\n\t\t<\/section>\n\t\t\t\t<\/div>\n\t\t","protected":false},"excerpt":{"rendered":"","protected":false},"author":9192195,"featured_media":0,"parent":0,"menu_order":0,"comment_status":"closed","ping_status":"closed","template":"","meta":{"_acf_changed":false,"footnotes":""},"class_list":["post-14721","page","type-page","status-publish"],"acf":[],"_links":{"self":[{"href":"https:\/\/efftraining.com\/en\/wp-json\/wp\/v2\/pages\/14721","targetHints":{"allow":["GET"]}}],"collection":[{"href":"https:\/\/efftraining.com\/en\/wp-json\/wp\/v2\/pages"}],"about":[{"href":"https:\/\/efftraining.com\/en\/wp-json\/wp\/v2\/types\/page"}],"author":[{"embeddable":true,"href":"https:\/\/efftraining.com\/en\/wp-json\/wp\/v2\/users\/9192195"}],"replies":[{"embeddable":true,"href":"https:\/\/efftraining.com\/en\/wp-json\/wp\/v2\/comments?post=14721"}],"version-history":[{"count":0,"href":"https:\/\/efftraining.com\/en\/wp-json\/wp\/v2\/pages\/14721\/revisions"}],"wp:attachment":[{"href":"https:\/\/efftraining.com\/en\/wp-json\/wp\/v2\/media?parent=14721"}],"curies":[{"name":"wp","href":"https:\/\/api.w.org\/{rel}","templated":true}]}}