{"id":14941,"date":"2024-01-08T10:43:09","date_gmt":"2024-01-08T09:43:09","guid":{"rendered":"https:\/\/efftraining.com\/?page_id=14941"},"modified":"2026-01-26T16:02:39","modified_gmt":"2026-01-26T15:02:39","slug":"nos-prestations-2","status":"publish","type":"page","link":"https:\/\/efftraining.com\/en\/nos-prestations-2\/","title":{"rendered":"Our services"},"content":{"rendered":"<div data-elementor-type=\"wp-post\" data-elementor-id=\"14941\" class=\"elementor elementor-14941\">\n\t\t\t\t\t\t<section class=\"elementor-section elementor-top-section elementor-element elementor-element-6962e2f0 elementor-section-stretched elementor-section-boxed elementor-section-height-default elementor-section-height-default\" data-id=\"6962e2f0\" data-element_type=\"section\" data-e-type=\"section\" data-settings=\"{&quot;stretch_section&quot;:&quot;section-stretched&quot;,&quot;background_background&quot;:&quot;classic&quot;}\">\n\t\t\t\t\t\t\t<div class=\"elementor-background-overlay\"><\/div>\n\t\t\t\t\t\t\t<div class=\"elementor-container elementor-column-gap-default\">\n\t\t\t\t\t<div class=\"elementor-column elementor-col-100 elementor-top-column elementor-element elementor-element-513d0c2\" data-id=\"513d0c2\" data-element_type=\"column\" data-e-type=\"column\">\n\t\t\t<div class=\"elementor-widget-wrap elementor-element-populated\">\n\t\t\t\t\t\t<div class=\"elementor-element elementor-element-1d050596 elementor-widget elementor-widget-heading\" data-id=\"1d050596\" data-element_type=\"widget\" data-e-type=\"widget\" data-widget_type=\"heading.default\">\n\t\t\t\t<div class=\"elementor-widget-container\">\n\t\t\t\t\t<h2 class=\"elementor-heading-title elementor-size-default\">Drilling professions<\/h2>\t\t\t\t<\/div>\n\t\t\t\t<\/div>\n\t\t\t\t<div class=\"elementor-element elementor-element-15cdacec elementor-widget elementor-widget-heading\" data-id=\"15cdacec\" data-element_type=\"widget\" data-e-type=\"widget\" data-widget_type=\"heading.default\">\n\t\t\t\t<div class=\"elementor-widget-container\">\n\t\t\t\t\t<h1 class=\"elementor-heading-title elementor-size-large\">Our services<\/h1>\t\t\t\t<\/div>\n\t\t\t\t<\/div>\n\t\t\t\t\t<\/div>\n\t\t<\/div>\n\t\t\t\t\t<\/div>\n\t\t<\/section>\n\t\t\t\t<section class=\"elementor-section elementor-top-section elementor-element elementor-element-755e2a6 elementor-section-boxed elementor-section-height-default elementor-section-height-default\" data-id=\"755e2a6\" data-element_type=\"section\" data-e-type=\"section\">\n\t\t\t\t\t\t<div class=\"elementor-container elementor-column-gap-default\">\n\t\t\t\t\t<div class=\"elementor-column elementor-col-100 elementor-top-column elementor-element elementor-element-ca63b58\" data-id=\"ca63b58\" data-element_type=\"column\" data-e-type=\"column\">\n\t\t\t<div class=\"elementor-widget-wrap elementor-element-populated\">\n\t\t\t\t\t\t<div class=\"elementor-element elementor-element-6cb6153 elementor-widget elementor-widget-text-editor\" data-id=\"6cb6153\" data-element_type=\"widget\" data-e-type=\"widget\" data-widget_type=\"text-editor.default\">\n\t\t\t\t<div class=\"elementor-widget-container\">\n\t\t\t\t\t\t\t\t\t<p>EFF Training accompagne ses clients \u00e0 chaque \u00e9tape de leurs projets gr\u00e2ce \u00e0 une offre de <b>prestations <\/b>en lien direct avec ses domaines d&rsquo;expertise. Le centre met \u00e0 disposition de ses clients son exp\u00e9rience du forage, ses <b>conseils op\u00e9rationnels<\/b>, ses <b>infrastructures sp\u00e9cialis\u00e9es <\/b>et ses <b>\u00e9quipes <\/b>pour r\u00e9pondre efficacement \u00e0 leurs enjeux techniques, op\u00e9rationnels et organisationnels.<\/p><p class=\"translation-block\">From <b>support programmes<\/b> for new entrants by specialised and experienced instructors, to the provision of a training well or laboratory dedicated to the study of fluids and mud, not forgetting the<b> hire of training rooms or offices<\/b>, EFF Training supports companies in the drilling or safety sectors and offers them an ideal professional welcome at the foot of the Pyrenees.<\/p>\t\t\t\t\t\t\t\t<\/div>\n\t\t\t\t<\/div>\n\t\t\t\t\t<\/div>\n\t\t<\/div>\n\t\t\t\t\t<\/div>\n\t\t<\/section>\n\t\t\t\t<section class=\"elementor-section elementor-top-section elementor-element elementor-element-4a12202 elementor-section-boxed elementor-section-height-default elementor-section-height-default\" data-id=\"4a12202\" data-element_type=\"section\" data-e-type=\"section\">\n\t\t\t\t\t\t<div class=\"elementor-container elementor-column-gap-default\">\n\t\t\t\t\t<div class=\"elementor-column elementor-col-33 elementor-top-column elementor-element elementor-element-ae7318a\" data-id=\"ae7318a\" data-element_type=\"column\" data-e-type=\"column\">\n\t\t\t<div class=\"elementor-widget-wrap elementor-element-populated\">\n\t\t\t\t\t\t<div class=\"elementor-element elementor-element-33d3d32 elementor-position-top elementor-widget elementor-widget-image-box\" data-id=\"33d3d32\" data-element_type=\"widget\" data-e-type=\"widget\" data-widget_type=\"image-box.default\">\n\t\t\t\t<div class=\"elementor-widget-container\">\n\t\t\t\t\t<div class=\"elementor-image-box-wrapper\"><figure class=\"elementor-image-box-img\"><a href=\"https:\/\/efftraining.com\/en\/coaching-programmes-daccompagnement\/\" tabindex=\"-1\"><img fetchpriority=\"high\" decoding=\"async\" width=\"500\" height=\"605\" src=\"https:\/\/efftraining.com\/wp-content\/uploads\/2023\/10\/Prestation-1.jpg\" class=\"attachment-full size-full wp-image-14930\" alt=\"Prestations de coaching par Marc, chef de chantier et formateur pour EFF Training\" srcset=\"https:\/\/efftraining.com\/wp-content\/uploads\/2023\/10\/Prestation-1.jpg 500w, https:\/\/efftraining.com\/wp-content\/uploads\/2023\/10\/Prestation-1-248x300.jpg 248w, https:\/\/efftraining.com\/wp-content\/uploads\/2023\/10\/Prestation-1-10x12.jpg 10w\" sizes=\"(max-width: 500px) 100vw, 500px\" \/><\/a><\/figure><div class=\"elementor-image-box-content\"><h3 class=\"elementor-image-box-title\"><a href=\"https:\/\/efftraining.com\/en\/coaching-programmes-daccompagnement\/\">Coaching<\/a><\/h3><p class=\"elementor-image-box-description translation-block\">We propose mentoring programmes for new entrants by our experienced instructors and specialists, who are professionals in the oil industry and have worked on platforms for years.<\/p><\/div><\/div>\t\t\t\t<\/div>\n\t\t\t\t<\/div>\n\t\t\t\t<div class=\"elementor-element elementor-element-8b611bb elementor-align-center elementor-widget elementor-widget-button\" data-id=\"8b611bb\" data-element_type=\"widget\" data-e-type=\"widget\" data-widget_type=\"button.default\">\n\t\t\t\t<div class=\"elementor-widget-container\">\n\t\t\t\t\t\t\t\t\t<div class=\"elementor-button-wrapper\">\n\t\t\t\t\t<a class=\"elementor-button elementor-button-link elementor-size-sm\" href=\"https:\/\/efftraining.com\/en\/coaching-programmes-daccompagnement\/\">\n\t\t\t\t\t\t<span class=\"elementor-button-content-wrapper\">\n\t\t\t\t\t\t\t\t\t<span class=\"elementor-button-text\">See more<\/span>\n\t\t\t\t\t<\/span>\n\t\t\t\t\t<\/a>\n\t\t\t\t<\/div>\n\t\t\t\t\t\t\t\t<\/div>\n\t\t\t\t<\/div>\n\t\t\t\t\t<\/div>\n\t\t<\/div>\n\t\t\t\t<div class=\"elementor-column elementor-col-33 elementor-top-column elementor-element elementor-element-6391f39\" data-id=\"6391f39\" data-element_type=\"column\" data-e-type=\"column\">\n\t\t\t<div class=\"elementor-widget-wrap elementor-element-populated\">\n\t\t\t\t\t\t<div class=\"elementor-element elementor-element-6ca2591 elementor-position-top elementor-widget elementor-widget-image-box\" data-id=\"6ca2591\" data-element_type=\"widget\" data-e-type=\"widget\" data-widget_type=\"image-box.default\">\n\t\t\t\t<div class=\"elementor-widget-container\">\n\t\t\t\t\t<div class=\"elementor-image-box-wrapper\"><figure class=\"elementor-image-box-img\"><a href=\"https:\/\/efftraining.com\/en\/mise-a-disposition-dequipements\/\" tabindex=\"-1\"><img decoding=\"async\" width=\"500\" height=\"605\" src=\"https:\/\/efftraining.com\/wp-content\/uploads\/2023\/10\/Prestation-2.jpg\" class=\"attachment-full size-full wp-image-14928\" alt=\"Prestations de mise \u00e0 disposition du rig et des plateaux techniques d&#039;EFF Training \u00e0 Lescar\" srcset=\"https:\/\/efftraining.com\/wp-content\/uploads\/2023\/10\/Prestation-2.jpg 500w, https:\/\/efftraining.com\/wp-content\/uploads\/2023\/10\/Prestation-2-248x300.jpg 248w, https:\/\/efftraining.com\/wp-content\/uploads\/2023\/10\/Prestation-2-10x12.jpg 10w\" sizes=\"(max-width: 500px) 100vw, 500px\" \/><\/a><\/figure><div class=\"elementor-image-box-content\"><h3 class=\"elementor-image-box-title\"><a href=\"https:\/\/efftraining.com\/en\/mise-a-disposition-dequipements\/\">Provision of equipment<\/a><\/h3><p class=\"elementor-image-box-description translation-block\">We make our well school and our laboratory dedicated to the study of drilling fluids available to companies wishing to carry out drilling tests.<\/p><\/div><\/div>\t\t\t\t<\/div>\n\t\t\t\t<\/div>\n\t\t\t\t<div class=\"elementor-element elementor-element-6887022 elementor-widget elementor-widget-spacer\" data-id=\"6887022\" data-element_type=\"widget\" data-e-type=\"widget\" data-widget_type=\"spacer.default\">\n\t\t\t\t<div class=\"elementor-widget-container\">\n\t\t\t\t\t\t\t<div class=\"elementor-spacer\">\n\t\t\t<div class=\"elementor-spacer-inner\"><\/div>\n\t\t<\/div>\n\t\t\t\t\t\t<\/div>\n\t\t\t\t<\/div>\n\t\t\t\t<div class=\"elementor-element elementor-element-c2ce580 elementor-align-center elementor-widget elementor-widget-button\" data-id=\"c2ce580\" data-element_type=\"widget\" data-e-type=\"widget\" data-widget_type=\"button.default\">\n\t\t\t\t<div class=\"elementor-widget-container\">\n\t\t\t\t\t\t\t\t\t<div class=\"elementor-button-wrapper\">\n\t\t\t\t\t<a class=\"elementor-button elementor-button-link elementor-size-sm\" href=\"https:\/\/efftraining.com\/en\/mise-a-disposition-dequipements\/\">\n\t\t\t\t\t\t<span class=\"elementor-button-content-wrapper\">\n\t\t\t\t\t\t\t\t\t<span class=\"elementor-button-text\">See more<\/span>\n\t\t\t\t\t<\/span>\n\t\t\t\t\t<\/a>\n\t\t\t\t<\/div>\n\t\t\t\t\t\t\t\t<\/div>\n\t\t\t\t<\/div>\n\t\t\t\t\t<\/div>\n\t\t<\/div>\n\t\t\t\t<div class=\"elementor-column elementor-col-33 elementor-top-column elementor-element elementor-element-f870b68\" data-id=\"f870b68\" data-element_type=\"column\" data-e-type=\"column\">\n\t\t\t<div class=\"elementor-widget-wrap elementor-element-populated\">\n\t\t\t\t\t\t<div class=\"elementor-element elementor-element-df0cd35 elementor-position-top elementor-widget elementor-widget-image-box\" data-id=\"df0cd35\" data-element_type=\"widget\" data-e-type=\"widget\" data-widget_type=\"image-box.default\">\n\t\t\t\t<div class=\"elementor-widget-container\">\n\t\t\t\t\t<div class=\"elementor-image-box-wrapper\"><figure class=\"elementor-image-box-img\"><a href=\"https:\/\/efftraining.com\/en\/location-de-salles\/\" tabindex=\"-1\"><img decoding=\"async\" width=\"500\" height=\"605\" src=\"https:\/\/efftraining.com\/wp-content\/uploads\/2024\/01\/Prestation-3.jpg\" class=\"attachment-full size-full wp-image-15539\" alt=\"Prestations de location de salles dans les locaux de EFF Training\" srcset=\"https:\/\/efftraining.com\/wp-content\/uploads\/2024\/01\/Prestation-3.jpg 500w, https:\/\/efftraining.com\/wp-content\/uploads\/2024\/01\/Prestation-3-248x300.jpg 248w, https:\/\/efftraining.com\/wp-content\/uploads\/2024\/01\/Prestation-3-10x12.jpg 10w\" sizes=\"(max-width: 500px) 100vw, 500px\" \/><\/a><\/figure><div class=\"elementor-image-box-content\"><h3 class=\"elementor-image-box-title\"><a href=\"https:\/\/efftraining.com\/en\/location-de-salles\/\">Provision of office space<\/a><\/h3><p class=\"elementor-image-box-description translation-block\">We have many training rooms equipped for theoretical training. We rent out our indoor and outdoor workspaces to partners in the drilling industry.<\/p><\/div><\/div>\t\t\t\t<\/div>\n\t\t\t\t<\/div>\n\t\t\t\t<div class=\"elementor-element elementor-element-ea351d9 elementor-align-center elementor-widget elementor-widget-button\" data-id=\"ea351d9\" data-element_type=\"widget\" data-e-type=\"widget\" data-widget_type=\"button.default\">\n\t\t\t\t<div class=\"elementor-widget-container\">\n\t\t\t\t\t\t\t\t\t<div class=\"elementor-button-wrapper\">\n\t\t\t\t\t<a class=\"elementor-button elementor-button-link elementor-size-sm\" href=\"https:\/\/efftraining.com\/en\/location-de-salles\/\">\n\t\t\t\t\t\t<span class=\"elementor-button-content-wrapper\">\n\t\t\t\t\t\t\t\t\t<span class=\"elementor-button-text\">See more<\/span>\n\t\t\t\t\t<\/span>\n\t\t\t\t\t<\/a>\n\t\t\t\t<\/div>\n\t\t\t\t\t\t\t\t<\/div>\n\t\t\t\t<\/div>\n\t\t\t\t\t<\/div>\n\t\t<\/div>\n\t\t\t\t\t<\/div>\n\t\t<\/section>\n\t\t\t\t<section class=\"elementor-section elementor-top-section elementor-element elementor-element-32c2201 elementor-section-stretched elementor-section-boxed elementor-section-height-default elementor-section-height-default\" data-id=\"32c2201\" data-element_type=\"section\" data-e-type=\"section\" data-settings=\"{&quot;stretch_section&quot;:&quot;section-stretched&quot;,&quot;background_background&quot;:&quot;classic&quot;}\">\n\t\t\t\t\t\t<div class=\"elementor-container elementor-column-gap-default\">\n\t\t\t\t\t<div class=\"elementor-column elementor-col-100 elementor-top-column elementor-element elementor-element-c85a059\" data-id=\"c85a059\" data-element_type=\"column\" data-e-type=\"column\">\n\t\t\t<div class=\"elementor-widget-wrap elementor-element-populated\">\n\t\t\t\t\t\t<div class=\"elementor-element elementor-element-a6b88eb elementor-widget elementor-widget-heading\" data-id=\"a6b88eb\" data-element_type=\"widget\" data-e-type=\"widget\" data-widget_type=\"heading.default\">\n\t\t\t\t<div class=\"elementor-widget-container\">\n\t\t\t\t\t<h2 class=\"elementor-heading-title elementor-size-default\">THEY TRUST US<\/h2>\t\t\t\t<\/div>\n\t\t\t\t<\/div>\n\t\t\t\t<div class=\"elementor-element elementor-element-9d03e7e elementor-pagination-position-outside elementor-widget elementor-widget-image-carousel\" data-id=\"9d03e7e\" data-element_type=\"widget\" data-e-type=\"widget\" data-settings=\"{&quot;slides_to_show&quot;:&quot;4&quot;,&quot;navigation&quot;:&quot;dots&quot;,&quot;slides_to_show_tablet&quot;:&quot;3&quot;,&quot;autoplay_speed&quot;:3000,&quot;speed&quot;:1500,&quot;slides_to_scroll&quot;:&quot;2&quot;,&quot;slides_to_show_mobile&quot;:&quot;3&quot;,&quot;slides_to_scroll_mobile&quot;:&quot;1&quot;,&quot;image_spacing_custom&quot;:{&quot;unit&quot;:&quot;px&quot;,&quot;size&quot;:66,&quot;sizes&quot;:[]},&quot;autoplay&quot;:&quot;yes&quot;,&quot;pause_on_hover&quot;:&quot;yes&quot;,&quot;pause_on_interaction&quot;:&quot;yes&quot;,&quot;infinite&quot;:&quot;yes&quot;,&quot;image_spacing_custom_tablet&quot;:{&quot;unit&quot;:&quot;px&quot;,&quot;size&quot;:&quot;&quot;,&quot;sizes&quot;:[]},&quot;image_spacing_custom_mobile&quot;:{&quot;unit&quot;:&quot;px&quot;,&quot;size&quot;:&quot;&quot;,&quot;sizes&quot;:[]}}\" data-widget_type=\"image-carousel.default\">\n\t\t\t\t<div class=\"elementor-widget-container\">\n\t\t\t\t\t\t\t<div class=\"elementor-image-carousel-wrapper swiper\" role=\"region\" aria-roledescription=\"carousel\" aria-label=\"Carrousel d\u2019images\" dir=\"ltr\">\n\t\t\t<div class=\"elementor-image-carousel swiper-wrapper\" aria-live=\"off\">\n\t\t\t\t\t\t\t\t<div class=\"swiper-slide\" role=\"group\" aria-roledescription=\"slide\" aria-label=\"1 sur 15\"><figure class=\"swiper-slide-inner\"><img decoding=\"async\" class=\"swiper-slide-image\" src=\"https:\/\/efftraining.com\/wp-content\/uploads\/elementor\/thumbs\/Sans-titre-3-300-x180-qb90gskwsc7ihdjgdq45yb7uvgg1ebxffz0s3juyo8.png\" alt=\"TotalEnergie &amp; EFF training\" \/><\/figure><\/div><div class=\"swiper-slide\" role=\"group\" aria-roledescription=\"slide\" aria-label=\"2 sur 15\"><figure class=\"swiper-slide-inner\"><img decoding=\"async\" class=\"swiper-slide-image\" src=\"https:\/\/efftraining.com\/wp-content\/uploads\/elementor\/thumbs\/1200px-Spie.svg-1-300-x180-qb8py3drb9sox3mfq139dviayv0c8cikpkybi9d1jc.png\" alt=\"SPIE &amp; EFF Training\" \/><\/figure><\/div><div class=\"swiper-slide\" role=\"group\" aria-roledescription=\"slide\" aria-label=\"3 sur 15\"><figure class=\"swiper-slide-inner\"><img decoding=\"async\" class=\"swiper-slide-image\" src=\"https:\/\/efftraining.com\/wp-content\/uploads\/elementor\/thumbs\/Perenco-300-x-180-qb8y74dqykelp469af75ax60q6zwl3p1jqdyy0yfbc.jpg\" alt=\"PERENCO &amp; EFF Training\" \/><\/figure><\/div><div class=\"swiper-slide\" role=\"group\" aria-roledescription=\"slide\" aria-label=\"4 sur 15\"><figure class=\"swiper-slide-inner\"><img decoding=\"async\" class=\"swiper-slide-image\" src=\"https:\/\/efftraining.com\/wp-content\/uploads\/elementor\/thumbs\/SMP-Energie-300-X-180-qb97yemd3lacmtww19ls59xkw7k78w9qifglms3pxk.jpg\" alt=\"SMP &amp; EFF Training\" \/><\/figure><\/div><div class=\"swiper-slide\" role=\"group\" aria-roledescription=\"slide\" aria-label=\"5 sur 15\"><figure class=\"swiper-slide-inner\"><img decoding=\"async\" class=\"swiper-slide-image\" src=\"https:\/\/efftraining.com\/wp-content\/uploads\/elementor\/thumbs\/SDP-300-x-180-qb92w9g8rby2v2hjmj8cz8m0w9bnod684whdsi63ns.jpg\" alt=\"SDP &amp; EFF Training\" \/><\/figure><\/div><div class=\"swiper-slide\" role=\"group\" aria-roledescription=\"slide\" aria-label=\"6 sur 15\"><figure class=\"swiper-slide-inner\"><img decoding=\"async\" class=\"swiper-slide-image\" src=\"https:\/\/efftraining.com\/wp-content\/uploads\/elementor\/thumbs\/WWS-300-x-180.jpg-qzf6gldsx9i1xydbdq9bs3zdia8aoovspxtcjiqxhk.png\" alt=\"WWS Energies\" \/><\/figure><\/div><div class=\"swiper-slide\" role=\"group\" aria-roledescription=\"slide\" aria-label=\"7 sur 15\"><figure class=\"swiper-slide-inner\"><img decoding=\"async\" class=\"swiper-slide-image\" src=\"https:\/\/efftraining.com\/wp-content\/uploads\/elementor\/thumbs\/Valaris-300-x-180-qb9b34fmndl6vg6ouhm7nbyhclzra8qz0brqeaz5s8.jpg\" alt=\"VALARIS &amp; EFF Training\" \/><\/figure><\/div><div class=\"swiper-slide\" role=\"group\" aria-roledescription=\"slide\" aria-label=\"8 sur 15\"><figure class=\"swiper-slide-inner\"><img decoding=\"async\" class=\"swiper-slide-image\" src=\"https:\/\/efftraining.com\/wp-content\/uploads\/elementor\/thumbs\/seaowl-300-x180-qb95lkoqav5qtr4we3iwm6kyvbonkahtujw1ervthk.jpg\" alt=\"SEAOWL &amp; EFF Training\" \/><\/figure><\/div><div class=\"swiper-slide\" role=\"group\" aria-roledescription=\"slide\" aria-label=\"9 sur 15\"><figure class=\"swiper-slide-inner\"><img decoding=\"async\" class=\"swiper-slide-image\" src=\"https:\/\/efftraining.com\/wp-content\/uploads\/elementor\/thumbs\/Halliburton-Logo-1-300-x180-qb8va4splqomx2obcjgaawxk3ugzu5wcs36k8emgaw.jpg\" alt=\"HALLIBURTON &amp; EFF Training\" \/><\/figure><\/div><div class=\"swiper-slide\" role=\"group\" aria-roledescription=\"slide\" aria-label=\"10 sur 15\"><figure class=\"swiper-slide-inner\"><img decoding=\"async\" class=\"swiper-slide-image\" src=\"https:\/\/efftraining.com\/wp-content\/uploads\/elementor\/thumbs\/WIREGROUP-300-x180-qb9dz66h660u1j1s9yqi5kqcl35gc2tbnbhntypb0o.jpg\" alt=\"WIREGROUP &amp; EFF Training\" \/><\/figure><\/div><div class=\"swiper-slide\" role=\"group\" aria-roledescription=\"slide\" aria-label=\"11 sur 15\"><figure class=\"swiper-slide-inner\"><img decoding=\"async\" class=\"swiper-slide-image\" src=\"https:\/\/efftraining.com\/wp-content\/uploads\/elementor\/thumbs\/MASE-300-x-180-qdrbrut1hgt8ws5hqymkow5oa2djdqnf9529pl0j60.jpg\" alt=\"MASE Sud-Ouest\" \/><\/figure><\/div><div class=\"swiper-slide\" role=\"group\" aria-roledescription=\"slide\" aria-label=\"12 sur 15\"><figure class=\"swiper-slide-inner\"><img decoding=\"async\" class=\"swiper-slide-image\" src=\"https:\/\/efftraining.com\/wp-content\/uploads\/elementor\/thumbs\/telechargement-1-qhv5zz2cycxhdoagmo0kwrqygrs3t8u7hoe6gblxxk.png\" alt=\"SLB\" \/><\/figure><\/div><div class=\"swiper-slide\" role=\"group\" aria-roledescription=\"slide\" aria-label=\"13 sur 15\"><figure class=\"swiper-slide-inner\"><img decoding=\"async\" class=\"swiper-slide-image\" src=\"https:\/\/efftraining.com\/wp-content\/uploads\/elementor\/thumbs\/SPPE-300-x-180-qiotevd7iegec52tjekpgdkr7ohtvtyh15rmk9nz0o.jpg\" alt=\"logo SPPE\" \/><\/figure><\/div><div class=\"swiper-slide\" role=\"group\" aria-roledescription=\"slide\" aria-label=\"14 sur 15\"><figure class=\"swiper-slide-inner\"><img decoding=\"async\" class=\"swiper-slide-image\" src=\"https:\/\/efftraining.com\/wp-content\/uploads\/elementor\/thumbs\/RFI-300-x180-qiotewb1p8honr1gdwzc0vc7t2d73j27daf41jmkug.jpg\" alt=\"Logo RFI\" \/><\/figure><\/div><div class=\"swiper-slide\" role=\"group\" aria-roledescription=\"slide\" aria-label=\"15 sur 15\"><figure class=\"swiper-slide-inner\"><img decoding=\"async\" class=\"swiper-slide-image\" src=\"https:\/\/efftraining.com\/wp-content\/uploads\/elementor\/thumbs\/AFIS-Formation-1-r1fy0z8mtl3f5nzm0bgxlq6y3zx5csr5pb2mkwp2q0.jpg\" alt=\"AFIS Formation\" \/><\/figure><\/div>\t\t\t<\/div>\n\t\t\t\t\t\t\t\n\t\t\t\t\t\t\t\t\t<div class=\"swiper-pagination\"><\/div>\n\t\t\t\t\t\t\t\t\t<\/div>\n\t\t\t\t\t\t<\/div>\n\t\t\t\t<\/div>\n\t\t\t\t\t<\/div>\n\t\t<\/div>\n\t\t\t\t\t<\/div>\n\t\t<\/section>\n\t\t\t\t<section class=\"elementor-section elementor-top-section elementor-element elementor-element-30f710e1 elementor-section-stretched elementor-section-content-middle elementor-section-boxed elementor-section-height-default elementor-section-height-default\" data-id=\"30f710e1\" data-element_type=\"section\" data-e-type=\"section\" data-settings=\"{&quot;stretch_section&quot;:&quot;section-stretched&quot;,&quot;background_background&quot;:&quot;gradient&quot;}\">\n\t\t\t\t\t\t<div class=\"elementor-container elementor-column-gap-default\">\n\t\t\t\t\t<div class=\"elementor-column elementor-col-50 elementor-top-column elementor-element elementor-element-5854d901\" data-id=\"5854d901\" data-element_type=\"column\" data-e-type=\"column\">\n\t\t\t<div class=\"elementor-widget-wrap elementor-element-populated\">\n\t\t\t\t\t\t<div class=\"elementor-element elementor-element-6024c443 elementor-widget elementor-widget-heading\" data-id=\"6024c443\" data-element_type=\"widget\" data-e-type=\"widget\" data-widget_type=\"heading.default\">\n\t\t\t\t<div class=\"elementor-widget-container\">\n\t\t\t\t\t<h2 class=\"elementor-heading-title elementor-size-default\">Book your training<\/h2>\t\t\t\t<\/div>\n\t\t\t\t<\/div>\n\t\t\t\t\t<\/div>\n\t\t<\/div>\n\t\t\t\t<div class=\"elementor-column elementor-col-50 elementor-top-column elementor-element elementor-element-35e1215c\" data-id=\"35e1215c\" data-element_type=\"column\" data-e-type=\"column\">\n\t\t\t<div class=\"elementor-widget-wrap elementor-element-populated\">\n\t\t\t\t\t\t<div class=\"elementor-element elementor-element-7c5dad49 elementor-align-center elementor-widget elementor-widget-button\" data-id=\"7c5dad49\" data-element_type=\"widget\" data-e-type=\"widget\" data-widget_type=\"button.default\">\n\t\t\t\t<div class=\"elementor-widget-container\">\n\t\t\t\t\t\t\t\t\t<div class=\"elementor-button-wrapper\">\n\t\t\t\t\t<a class=\"elementor-button elementor-button-link elementor-size-md\" href=\"https:\/\/efftraining.com\/en\/notre-calendrier-de-formation\/\" target=\"_blank\">\n\t\t\t\t\t\t<span class=\"elementor-button-content-wrapper\">\n\t\t\t\t\t\t\t\t\t<span class=\"elementor-button-text\">sign up<\/span>\n\t\t\t\t\t<\/span>\n\t\t\t\t\t<\/a>\n\t\t\t\t<\/div>\n\t\t\t\t\t\t\t\t<\/div>\n\t\t\t\t<\/div>\n\t\t\t\t\t<\/div>\n\t\t<\/div>\n\t\t\t\t\t<\/div>\n\t\t<\/section>\n\t\t\t\t<\/div>","protected":false},"excerpt":{"rendered":"<p>LES METIERS DU FORAGE Nos prestations EFF Training accompagne ses&hellip;<\/p>\n<p> <a class=\"more-link\" href=\"https:\/\/efftraining.com\/en\/nos-prestations-2\/\">Read more<\/a><\/p>","protected":false},"author":9192195,"featured_media":0,"parent":0,"menu_order":0,"comment_status":"closed","ping_status":"closed","template":"","meta":{"_acf_changed":false,"footnotes":""},"class_list":["post-14941","page","type-page","status-publish"],"acf":[],"_links":{"self":[{"href":"https:\/\/efftraining.com\/en\/wp-json\/wp\/v2\/pages\/14941","targetHints":{"allow":["GET"]}}],"collection":[{"href":"https:\/\/efftraining.com\/en\/wp-json\/wp\/v2\/pages"}],"about":[{"href":"https:\/\/efftraining.com\/en\/wp-json\/wp\/v2\/types\/page"}],"author":[{"embeddable":true,"href":"https:\/\/efftraining.com\/en\/wp-json\/wp\/v2\/users\/9192195"}],"replies":[{"embeddable":true,"href":"https:\/\/efftraining.com\/en\/wp-json\/wp\/v2\/comments?post=14941"}],"version-history":[{"count":87,"href":"https:\/\/efftraining.com\/en\/wp-json\/wp\/v2\/pages\/14941\/revisions"}],"predecessor-version":[{"id":17706,"href":"https:\/\/efftraining.com\/en\/wp-json\/wp\/v2\/pages\/14941\/revisions\/17706"}],"wp:attachment":[{"href":"https:\/\/efftraining.com\/en\/wp-json\/wp\/v2\/media?parent=14941"}],"curies":[{"name":"wp","href":"https:\/\/api.w.org\/{rel}","templated":true}]}}