{"id":22,"date":"2014-01-12T19:07:42","date_gmt":"2014-01-12T18:07:42","guid":{"rendered":"http:\/\/eff-drillingschool.com\/?page_id=22"},"modified":"2025-05-09T10:41:30","modified_gmt":"2025-05-09T08:41:30","slug":"emploi","status":"publish","type":"page","link":"https:\/\/efftraining.com\/en\/emploi\/","title":{"rendered":"Our job offers"},"content":{"rendered":"<div data-elementor-type=\"wp-page\" data-elementor-id=\"22\" class=\"elementor elementor-22\">\n\t\t\t\t\t\t<section class=\"elementor-section elementor-top-section elementor-element elementor-element-5d3bcbf6 elementor-section-boxed elementor-section-height-default elementor-section-height-default\" data-id=\"5d3bcbf6\" data-element_type=\"section\" data-e-type=\"section\">\n\t\t\t\t\t\t<div class=\"elementor-container elementor-column-gap-default\">\n\t\t\t\t\t<div class=\"elementor-column elementor-col-100 elementor-top-column elementor-element elementor-element-446ac9f9\" data-id=\"446ac9f9\" data-element_type=\"column\" data-e-type=\"column\">\n\t\t\t<div class=\"elementor-widget-wrap elementor-element-populated\">\n\t\t\t\t\t\t<div class=\"elementor-element elementor-element-46e876e elementor-widget elementor-widget-heading\" data-id=\"46e876e\" data-element_type=\"widget\" data-e-type=\"widget\" data-widget_type=\"heading.default\">\n\t\t\t\t<div class=\"elementor-widget-container\">\n\t\t\t\t\t<h1 class=\"elementor-heading-title elementor-size-default\">Our job offers<\/h1>\t\t\t\t<\/div>\n\t\t\t\t<\/div>\n\t\t\t\t<div class=\"elementor-element elementor-element-3ac4a33a elementor-widget elementor-widget-text-editor\" data-id=\"3ac4a33a\" data-element_type=\"widget\" data-e-type=\"widget\" data-widget_type=\"text-editor.default\">\n\t\t\t\t<div class=\"elementor-widget-container\">\n\t\t\t\t\t\t\t\t\t<p class=\"translation-block\">Do you enjoy passing on your knowledge, experience and skills in drilling operations? Do excellence, passion and trust speak to you? Would you like to help speed up the energy transition?<\/p><p>Then come and join us!<\/p><p class=\"translation-block\">As part of an increase in activity, EFF Training is looking to strengthen its team by recruiting instructors.<\/p><p class=\"translation-block\">We invite you to take a look at our vacancies and job offers.<\/p>\t\t\t\t\t\t\t\t<\/div>\n\t\t\t\t<\/div>\n\t\t\t\t\t<\/div>\n\t\t<\/div>\n\t\t\t\t\t<\/div>\n\t\t<\/section>\n\t\t\t\t<section class=\"elementor-section elementor-top-section elementor-element elementor-element-555d1f5 elementor-section-boxed elementor-section-height-default elementor-section-height-default\" data-id=\"555d1f5\" data-element_type=\"section\" data-e-type=\"section\">\n\t\t\t\t\t\t<div class=\"elementor-container elementor-column-gap-default\">\n\t\t\t\t\t<div class=\"elementor-column elementor-col-100 elementor-top-column elementor-element elementor-element-835180b\" data-id=\"835180b\" data-element_type=\"column\" data-e-type=\"column\">\n\t\t\t<div class=\"elementor-widget-wrap elementor-element-populated\">\n\t\t\t\t\t\t<div class=\"elementor-element elementor-element-329a8ac elementor-widget elementor-widget-accordion\" data-id=\"329a8ac\" data-element_type=\"widget\" data-e-type=\"widget\" data-widget_type=\"accordion.default\">\n\t\t\t\t<div class=\"elementor-widget-container\">\n\t\t\t\t\t\t\t<div class=\"elementor-accordion\">\n\t\t\t\t\t\t\t<div class=\"elementor-accordion-item\">\n\t\t\t\t\t<h3 id=\"elementor-tab-title-5301\" class=\"elementor-tab-title\" data-tab=\"1\" role=\"button\" aria-controls=\"elementor-tab-content-5301\" aria-expanded=\"false\">\n\t\t\t\t\t\t\t\t\t\t\t\t\t<span class=\"elementor-accordion-icon elementor-accordion-icon-left\" aria-hidden=\"true\">\n\t\t\t\t\t\t\t\t\t\t\t\t\t\t\t<span class=\"elementor-accordion-icon-closed\"><i class=\"fas fa-angle-double-down\"><\/i><\/span>\n\t\t\t\t\t\t\t\t<span class=\"elementor-accordion-icon-opened\"><i class=\"fas fa-minus\"><\/i><\/span>\n\t\t\t\t\t\t\t\t\t\t\t\t\t\t<\/span>\n\t\t\t\t\t\t\t\t\t\t\t\t<a class=\"elementor-accordion-title\" tabindex=\"0\">Formateur (H\/F) forage\/compl\u00e9tion\/workover Afrique centrale<\/a>\n\t\t\t\t\t<\/h3>\n\t\t\t\t\t<div id=\"elementor-tab-content-5301\" class=\"elementor-tab-content elementor-clearfix\" data-tab=\"1\" role=\"region\" aria-labelledby=\"elementor-tab-title-5301\"><p>Vous souhaitez former la prochaine g\u00e9n\u00e9ration de foreurs, soucieux de s\u00e9curit\u00e9 et de performance ? Vous aimez transmettre vos connaissances, votre exp\u00e9rience et vos comp\u00e9tences relatives aux op\u00e9rations de forage ? Vous avez une exp\u00e9rience significative sur le <b>forage<\/b>, la <b>compl\u00e9tion <\/b>et\/ou le <b>workover <\/b>? Vous \u00eates une personne de terrain et aimez les challenges\u00a0?<\/p><p>EFF Training cherche \u00e0 renforcer son \u00e9quipe en recrutant un <b>instructeur <\/b>(H\/F) sp\u00e9cialis\u00e9 en forage\/compl\u00e9tion\/workover <strong>pour ses activit\u00e9s de formation en Afrique centrale<\/strong>.<\/p><h4><strong>R\u00e9sum\u00e9 du poste :<\/strong><\/h4><p>L\u2019instructeur (H\/F) est charg\u00e9 de dispenser les cours de <b>forage\/compl\u00e9tion\/workover<\/b> ainsi que les cours de pr\u00e9vention des \u00e9ruptions (well control) accr\u00e9dit\u00e9 IWCF.<\/p><h4><strong>Quelles seront vos responsabilit\u00e9s ?<\/strong><\/h4><p>Il s\u2019agira de d\u00e9velopper et de dispenser une formation technique pour nos principaux clients du secteur du p\u00e9trole et du gaz. Les responsabilit\u00e9s incluront des t\u00e2ches en tant que formateur et en tant que d\u00e9veloppeur de contenu (y compris la cr\u00e9ation de supports en ligne).<\/p><p>\u2013 Dispenser une formation technique en veillant \u00e0 ce que les supports de formation soient pratiques et utiles.<\/p><p>\u2013 S\u2019approprier tous les projets confi\u00e9s, en jouant un r\u00f4le de premier plan de la conception \u00e0 l\u2019ach\u00e8vement des cours nouveaux et existants.<\/p><p>\u2013 Soutenir d\u2019autres instructeurs dans le cadre de divers projets de formation afin d\u2019am\u00e9liorer les supports de formation et la prestation des cours.<\/p><p>\u2013 Participer au respect des normes, des proc\u00e9dures et des mod\u00e8les de formation.<\/p><p>\u2013 Participer au d\u00e9veloppement d\u2019outils d\u2019enseignement en ligne pour dispenser des cours en distanciel.<\/p><p>\u2013 D\u2019autres t\u00e2ches peuvent \u00eatre assign\u00e9es pour r\u00e9pondre aux besoins de l\u2019entreprise.<\/p><h4><strong>Qualifications\/exigences :<\/strong><\/h4><p>\u2013 Au moins 5 ans d\u2019exp\u00e9rience dans l\u2019industrie p\u00e9troli\u00e8re (chef de poste, chef de chantier, superviseur, superintendant ou ing\u00e9nieur avec l\u2019exp\u00e9rience du forage\/workover) ou au moins 3 ans d\u2019exp\u00e9rience en tant qu\u2019instructeur accr\u00e9dit\u00e9 en contr\u00f4le de puits (well control IWCF).<\/p><p>\u2013 <b>Certification well control IWCF, niveau 4<\/b>, en cours de validit\u00e9 avec un score de 90% indispensable en \u00e9quipement et P&amp;P.<\/p><p>\u2013 Pratique et ma\u00eetrise du fran\u00e7ais et de l\u2019anglais.<\/p><p>\u2013 Aisance orale avec des supports p\u00e9dagogiques.<\/p><p>\u2013 Capacit\u00e9 \u00e0 r\u00e9diger des rapports et des proc\u00e9dures professionnels et techniques.<\/p><p>\u2013 \u00catre dispos\u00e9 \u00e0 voyager sur toute la zone Afrique centrale, puis France.<\/p><h4><strong>Expertise technique :<\/strong><\/h4><p>\u2013 Excellentes comp\u00e9tences en informatique, y compris l\u2019utilisation des applications MS Office (PowerPoint indispensable).<\/p><p>\u2013 Exp\u00e9rience avec les simulateurs de forage DRILLSIM20, DRILLSIM 5000, iDRILLSIM.<\/p><p>\u2013 Exp\u00e9rience des applications informatiques, des pr\u00e9sentations graphiques et de la pr\u00e9paration de mat\u00e9riel p\u00e9dagogique.<\/p><p>\u2013 Int\u00e9r\u00eat pour le d\u00e9veloppement de formations en ligne.<\/p><h4><strong>Conditions :<\/strong><\/h4><p>Lieu de r\u00e9sidence souhait\u00e9 : l&rsquo;un des pays de la CEMAC (Cameroun, Congo, Gabon).<br \/>La personne sera amen\u00e9e \u00e0 faire des d\u00e9placements dans les pays d&rsquo;Afrique centrale et en France.<\/p><p>Type de contrat : CDI\/CDD\/Consultant<\/p><p>Poste \u00e0 pourvoir d\u00e8s que possible<\/p><p>Salaire : selon exp\u00e9rience<\/p><p>Modalit\u00e9s de candidature : envoyer CV et lettre de motivation \u00e0 <a href=\"mailto:contact@efftraining.com\">contact@efftraining.com<\/a><\/p><\/div>\n\t\t\t\t<\/div>\n\t\t\t\t\t\t\t<div class=\"elementor-accordion-item\">\n\t\t\t\t\t<h3 id=\"elementor-tab-title-5302\" class=\"elementor-tab-title\" data-tab=\"2\" role=\"button\" aria-controls=\"elementor-tab-content-5302\" aria-expanded=\"false\">\n\t\t\t\t\t\t\t\t\t\t\t\t\t<span class=\"elementor-accordion-icon elementor-accordion-icon-left\" aria-hidden=\"true\">\n\t\t\t\t\t\t\t\t\t\t\t\t\t\t\t<span class=\"elementor-accordion-icon-closed\"><i class=\"fas fa-angle-double-down\"><\/i><\/span>\n\t\t\t\t\t\t\t\t<span class=\"elementor-accordion-icon-opened\"><i class=\"fas fa-minus\"><\/i><\/span>\n\t\t\t\t\t\t\t\t\t\t\t\t\t\t<\/span>\n\t\t\t\t\t\t\t\t\t\t\t\t<a class=\"elementor-accordion-title\" tabindex=\"0\">Consultant (H\/F) \"well intervention & pressure control\"<\/a>\n\t\t\t\t\t<\/h3>\n\t\t\t\t\t<div id=\"elementor-tab-content-5302\" class=\"elementor-tab-content elementor-clearfix\" data-tab=\"2\" role=\"region\" aria-labelledby=\"elementor-tab-title-5302\"><p>Vous souhaitez former la prochaine g\u00e9n\u00e9ration de techniciens workover, soucieux de s\u00e9curit\u00e9 et de performance ? Vous aimez transmettre vos connaissances, votre exp\u00e9rience et vos comp\u00e9tences relatives aux op\u00e9rations ? Vous avez obtenu votre accr\u00e9ditation Well Intervention &amp; Pressure Control de l\u2019IWCF niveau 4 (Surface \/ Subsea) avec la mention \u00ab Merit \u00bb ou \u00ab Honourable \u00bb et vous avez une exp\u00e9rience significative dans le secteur du service au puits (completion, wireline, snubbing, coiled tubing) ?<br \/>Dans le cadre d\u2019un accroissement d\u2019activit\u00e9, EFF Training cherche \u00e0 renforcer son \u00e9quipe en recrutant un <strong>instructeur (H\/F) well Intervention &amp; pressure Control<\/strong>.<\/p><p><strong>R\u00e9sum\u00e9 du poste :<\/strong><\/p><ul><li>D\u00e9velopper et dispenser les cours de compl\u00e9tion ainsi que les cours de <a href=\"https:\/\/efftraining.com\/en\/work\/well-intervention\/\" target=\"_blank\" rel=\"noopener\">contr\u00f4le des pressions et interventions sur puits<\/a>\u00a0de l\u2019IWCF.<\/li><li>Se d\u00e9placer pour dispenser des cours hors site (France et international).<\/li><\/ul><p><strong>Qualifications\/exigences :<\/strong><\/p><ul><li>Exp\u00e9rience significative en tant qu\u2019instructeur en <strong>contr\u00f4le des pressions et interventions sur puits<\/strong> (well intervention &amp; pressure control) de <a href=\"https:\/\/www.iwcf.org\/\" target=\"_blank\" rel=\"noopener\">IWCF<\/a>, niveaux 2, 3 et 4.<\/li><li>Savoir lire, \u00e9crire et parler couramment le fran\u00e7ais et l\u2019anglais. Solides comp\u00e9tences en communication verbale, \u00e9crite et interpersonnelle.<\/li><li>\u00catre dispos\u00e9 \u00e0 voyager et \u00e0 travailler \u00e0 l\u2019\u00e9tranger. Avoir un passeport en r\u00e8gle.<\/li><\/ul><p><strong style=\"color: var( --e-global-color-text ); font-family: var( --e-global-typography-text-font-family ), Sans-serif;\">Conditions\u00a0:<\/strong><\/p><ul><li>Contrat de <b>consultant ind\u00e9pendant<\/b>.<\/li><li>Poste \u00e0 pourvoir pour le\u00a0: <i>d\u00e8s que possible<\/i>.<\/li><li>Modalit\u00e9s de candidature\u00a0: envoyer CV et lettre de motivation \u00e0 <a href=\"mailto:contact@efftraining.com\">contact@efftraining.com<\/a>.<\/li><\/ul><\/div>\n\t\t\t\t<\/div>\n\t\t\t\t\t\t\t<div class=\"elementor-accordion-item\">\n\t\t\t\t\t<h3 id=\"elementor-tab-title-5303\" class=\"elementor-tab-title\" data-tab=\"3\" role=\"button\" aria-controls=\"elementor-tab-content-5303\" aria-expanded=\"false\">\n\t\t\t\t\t\t\t\t\t\t\t\t\t<span class=\"elementor-accordion-icon elementor-accordion-icon-left\" aria-hidden=\"true\">\n\t\t\t\t\t\t\t\t\t\t\t\t\t\t\t<span class=\"elementor-accordion-icon-closed\"><i class=\"fas fa-angle-double-down\"><\/i><\/span>\n\t\t\t\t\t\t\t\t<span class=\"elementor-accordion-icon-opened\"><i class=\"fas fa-minus\"><\/i><\/span>\n\t\t\t\t\t\t\t\t\t\t\t\t\t\t<\/span>\n\t\t\t\t\t\t\t\t\t\t\t\t<a class=\"elementor-accordion-title\" tabindex=\"0\">Formateur (H\/F) r\u00e9f\u00e9rent forage et compl\u00e9tion<\/a>\n\t\t\t\t\t<\/h3>\n\t\t\t\t\t<div id=\"elementor-tab-content-5303\" class=\"elementor-tab-content elementor-clearfix\" data-tab=\"3\" role=\"region\" aria-labelledby=\"elementor-tab-title-5303\"><p><span style=\"color: var( --e-global-color-text ); font-family: var( --e-global-typography-text-font-family ), Sans-serif; font-weight: var( --e-global-typography-text-font-weight );\">Vous souhaitez former la prochaine g\u00e9n\u00e9ration de foreurs, soucieux de s\u00e9curit\u00e9 et de performance ? Vous aimez transmettre vos connaissances, votre exp\u00e9rience et vos comp\u00e9tences relatives aux op\u00e9rations de forage ? Vous \u00eates titulaire d\u2019un dipl\u00f4me en forage ? Vous avez une exp\u00e9rience significative en formation sur le forage et la compl\u00e9tion ? Vous \u00eates une personne de terrain et aimez les challenges ?<br \/>Dans le cadre d\u2019un accroissement d\u2019activit\u00e9, EFF Training cherche \u00e0 renforcer son \u00e9quipe en recrutant un <\/span><span style=\"color: var( --e-global-color-text ); font-family: var( --e-global-typography-text-font-family ), Sans-serif;\"><b>instructeur (H\/F) sp\u00e9cialis\u00e9 en forage et compl\u00e9tion<\/b><\/span><span style=\"color: var( --e-global-color-text ); font-family: var( --e-global-typography-text-font-family ), Sans-serif; font-weight: var( --e-global-typography-text-font-weight );\">.<br \/><\/span><\/p><p><strong>R\u00e9sum\u00e9 du poste :<\/strong><\/p><p>L\u2019instructeur (H\/F) est charg\u00e9 de dispenser les cours de forage et de compl\u00e9tion ainsi que les cours de <a href=\"https:\/\/efftraining.com\/en\/work\/well-control\/\" target=\"_blank\" rel=\"noopener\">pr\u00e9vention des \u00e9ruptions<\/a> (well control) de l&rsquo;<a href=\"https:\/\/www.iwcf.org\/\" target=\"_blank\" rel=\"noopener\">IWCF<\/a>.<\/p><p>Il (elle) est rattach\u00e9(e) au directeur du centre de formation et travaille en \u00e9troite collaboration avec les \u00e9quipes associ\u00e9es pour cr\u00e9er, coordonner et dispenser des formations (au niveau international) aux clients et aux partenaires externes.<\/p><p><strong>Quelles seront vos responsabilit\u00e9s ?<\/strong><\/p><p>Il s&rsquo;agira de d\u00e9velopper et de dispenser une formation technique au forage pour nos principaux clients du secteur du p\u00e9trole, du gaz et de la g\u00e9othermie profonde. Les responsabilit\u00e9s incluront certaines t\u00e2ches en tant que formateur et en tant que d\u00e9veloppeur de contenu (y compris la cr\u00e9ation de supports en ligne).<\/p><p>&#8211; Dispenser une formation technique en veillant \u00e0 ce que les supports de formation soient pratiques et utiles.<\/p><p>&#8211; S&rsquo;approprier tous les projets qui lui sont confi\u00e9s, en jouant un r\u00f4le de premier plan de la conception \u00e0 l&rsquo;ach\u00e8vement des cours nouveaux et existants.<\/p><p>&#8211; Soutenir d&rsquo;autres instructeurs dans le cadre de divers projets de formation afin d&rsquo;am\u00e9liorer les supports de formation et la prestation des cours.<\/p><p>&#8211; Participer au respect des normes, des politiques, des proc\u00e9dures et des mod\u00e8les de formation.<\/p><p>&#8211; Participer au d\u00e9veloppement d&rsquo;outils d&rsquo;enseignement en ligne pour dispenser des cours en ligne.<\/p><p>&#8211; D&rsquo;autres t\u00e2ches peuvent \u00eatre assign\u00e9es pour r\u00e9pondre aux besoins de l&rsquo;entreprise.<\/p><p><strong>Qualifications\/exigences :<\/strong><\/p><p>&#8211; Dipl\u00f4me d&rsquo;ing\u00e9nieur ou dipl\u00f4me d&rsquo;\u00e9tudes secondaires requis.<\/p><p>&#8211; Au moins 5 ans d&rsquo;exp\u00e9rience dans l&rsquo;industrie p\u00e9troli\u00e8re, au sein d&rsquo;entreprises de forage ou au moins 3 ans d&rsquo;exp\u00e9rience en tant qu&rsquo;<b>instructeur en contr\u00f4le de puits<\/b> (well control) IWCF.<\/p><p>&#8211; Pratique et ma\u00eetrise du fran\u00e7ais et de l&rsquo;anglais indispensable.<\/p><p>&#8211; Aisance orale avec des supports p\u00e9dagogiques.<\/p><p>&#8211; Capacit\u00e9 \u00e0 r\u00e9diger des rapports et des proc\u00e9dures professionnels et techniques.<\/p><p>&#8211; Capacit\u00e9 \u00e0 faire des pr\u00e9sentations formelles et informelles au personnel technique et non technique ainsi qu\u2019aux clients.<\/p><p>&#8211; \u00catre dispos\u00e9 \u00e0 voyager \u00e0 50 % de son temps et \u00e0 travailler dans un bureau situ\u00e9 en France ou \u00e0 l&rsquo;\u00e9tranger.<\/p><p><strong>Connaissances professionnelles requises :<\/strong><\/p><p>&#8211; Activit\u00e9s de forage\u00a0: op\u00e9rations de forage (conventionnel et automatique), forage horizontal et directionnel, conception de puits, contr\u00f4le et stabilit\u00e9 de puits.<\/p><p>&#8211; Activit\u00e9s de compl\u00e9tion\u00a0: op\u00e9rations de compl\u00e9tion (compl\u00e9tion inf\u00e9rieure\/sup\u00e9rieure) et connaissances de base seraient un plus.<\/p><p><strong>Expertise technique :<\/strong><\/p><p>&#8211; Excellentes comp\u00e9tences en informatique, y compris l&rsquo;utilisation des applications MS Office (MS PowerPoint est indispensable).<\/p><p>&#8211; Exp\u00e9rience des simulateurs de forage DRILLSIM20, DRILLSIM 5000, iDRILLSIM souhait\u00e9e.<\/p><p>&#8211; Exp\u00e9rience des applications informatiques, des pr\u00e9sentations graphiques et de la pr\u00e9paration de mat\u00e9riel p\u00e9dagogique.<\/p><p>&#8211; Int\u00e9r\u00eat pour le d\u00e9veloppement de formations en ligne.<\/p><p><span style=\"color: var( --e-global-color-text ); font-family: var( --e-global-typography-text-font-family ), Sans-serif;\"><b>Conditions :<\/b><\/span><\/p><p><span style=\"color: var( --e-global-color-text ); font-family: var( --e-global-typography-text-font-family ), Sans-serif; font-weight: var( --e-global-typography-text-font-weight );\">Contrat bas\u00e9 en France (Lescar) avec des d\u00e9placements \u00e0 l&rsquo;\u00e9tranger.<\/span><\/p><p>Type de contrat\u00a0: CDD puis \u00e9volution CDI<\/p><p>Poste \u00e0 pourvoir pour le : <em>d\u00e8s que possible<\/em>.<\/p><p>Salaire : selon exp\u00e9rience.<\/p><p>Modalit\u00e9s de candidature\u00a0: envoyer CV et lettre de motivation \u00e0\u00a0<a href=\"mailto:contact@efftraining.com\" target=\"_blank\" rel=\"noopener\">contact@efftraining.com<\/a>.<\/p><\/div>\n\t\t\t\t<\/div>\n\t\t\t\t\t\t\t\t<\/div>\n\t\t\t\t\t\t<\/div>\n\t\t\t\t<\/div>\n\t\t\t\t<div class=\"elementor-element elementor-element-e849b6c elementor-widget elementor-widget-image\" data-id=\"e849b6c\" data-element_type=\"widget\" data-e-type=\"widget\" data-widget_type=\"image.default\">\n\t\t\t\t<div class=\"elementor-widget-container\">\n\t\t\t\t\t\t\t\t\t\t\t\t\t\t\t<img decoding=\"async\" width=\"150\" height=\"150\" src=\"https:\/\/efftraining.com\/wp-content\/uploads\/2022\/04\/Sans-titre-1-150x150.png\" class=\"attachment-thumbnail size-thumbnail wp-image-12038\" alt=\"IWCF - International well control forum - accreditation\" \/>\t\t\t\t\t\t\t\t\t\t\t\t\t\t\t<\/div>\n\t\t\t\t<\/div>\n\t\t\t\t\t<\/div>\n\t\t<\/div>\n\t\t\t\t\t<\/div>\n\t\t<\/section>\n\t\t\t\t<\/div>","protected":false},"excerpt":{"rendered":"<p>Nos offres d&#8217;emploi Vous aimez transmettre vos connaissances, votre exp\u00e9rience&hellip;<\/p>\n<p> <a class=\"more-link\" href=\"https:\/\/efftraining.com\/en\/emploi\/\">Read more<\/a><\/p>","protected":false},"author":1,"featured_media":0,"parent":0,"menu_order":3,"comment_status":"open","ping_status":"closed","template":"","meta":{"_acf_changed":false,"footnotes":""},"class_list":["post-22","page","type-page","status-publish"],"acf":[],"_links":{"self":[{"href":"https:\/\/efftraining.com\/en\/wp-json\/wp\/v2\/pages\/22","targetHints":{"allow":["GET"]}}],"collection":[{"href":"https:\/\/efftraining.com\/en\/wp-json\/wp\/v2\/pages"}],"about":[{"href":"https:\/\/efftraining.com\/en\/wp-json\/wp\/v2\/types\/page"}],"author":[{"embeddable":true,"href":"https:\/\/efftraining.com\/en\/wp-json\/wp\/v2\/users\/1"}],"replies":[{"embeddable":true,"href":"https:\/\/efftraining.com\/en\/wp-json\/wp\/v2\/comments?post=22"}],"version-history":[{"count":97,"href":"https:\/\/efftraining.com\/en\/wp-json\/wp\/v2\/pages\/22\/revisions"}],"predecessor-version":[{"id":17041,"href":"https:\/\/efftraining.com\/en\/wp-json\/wp\/v2\/pages\/22\/revisions\/17041"}],"wp:attachment":[{"href":"https:\/\/efftraining.com\/en\/wp-json\/wp\/v2\/media?parent=22"}],"curies":[{"name":"wp","href":"https:\/\/api.w.org\/{rel}","templated":true}]}}